{"id":189,"date":"2025-04-20T17:57:58","date_gmt":"2025-04-20T17:57:58","guid":{"rendered":"https:\/\/alajarvennuorisoseura.fi\/?page_id=189"},"modified":"2025-07-11T12:08:45","modified_gmt":"2025-07-11T12:08:45","slug":"tilavuokraus","status":"publish","type":"page","link":"https:\/\/alajarvennuorisoseura.fi\/index.php\/tilavuokraus\/","title":{"rendered":"Tilavuokraus"},"content":{"rendered":"    <!--[text]-->\n        <style>\n.additional-class-1852589933{\n\tfont-weight:  bold;\n}\n<\/style>        <p class=\" additional-class-1852589933  bd-content-element\">\n            <!--{content}-->\n                Alaj\u00e4rven Nuorisoseuran vuokratila juhliin, kokouksiin ja tapahtumiin \u2013 Alaj\u00e4rvi\n<blockquote><span style=\"font-weight: normal;\">Etsitk\u00f6 tunnelmallista ja k\u00e4yt\u00e4nn\u00f6llist\u00e4 vuokratilaa Alaj\u00e4rvelt\u00e4? Alaj\u00e4rven Nuorisoseuran historiallinen seurantalo sopii t\u00e4ydellisesti h\u00e4ihin, syntym\u00e4p\u00e4iville, konserttien ja n\u00e4ytelmien j\u00e4rjest\u00e4miseen, kokouksiin, muistotilaisuuksiin sek\u00e4 muihin tapahtumiin. Vuokrattava juhlatila tarjoaa modernit mukavuudet ja kattavan varustelun.<\/span><\/blockquote>\n<strong>Vuokratilan k\u00e4ytt\u00f6tarkoituksia:<\/strong>\n<ul>\n \t<li><span style=\"font-weight: normal;\">H\u00e4\u00e4t ja rippijuhlat<\/span><\/li>\n \t<li><span style=\"font-weight: normal;\">Syntym\u00e4p\u00e4iv\u00e4t ja ylioppilasjuhlat<\/span><\/li>\n \t<li><span style=\"font-weight: normal;\">Konsertit ja kulttuuritapahtumat<\/span><\/li>\n \t<li><span style=\"font-weight: normal;\">Kokoukset ja koulutukset<\/span><\/li>\n \t<li><span style=\"font-weight: normal;\">N\u00e4ytelm\u00e4t ja esitykset<\/span><\/li>\n \t<li>Muistotilaisuudet<\/li>\n<\/ul>\n<strong>Tilasta l\u00f6ytyy:<\/strong>\n<ul>\n \t<li><span style=\"font-weight: normal;\">Iso<\/span><span style=\"font-weight: normal;\"> n\u00e4ytt\u00e4m\u00f6 ja elokuvavalkokangas<\/span><\/li>\n \t<li><span style=\"font-weight: normal;\">Videotykki ja siirrett\u00e4v\u00e4 valkokangas<\/span><\/li>\n \t<li><span style=\"font-weight: normal;\">\u00c4\u00e4nentoistoj\u00e4rjestelm\u00e4: <\/span>\n<ul>\n \t<li>CD-soitin<\/li>\n \t<li>Bluetooth-vastaanotin<\/li>\n \t<li>2 langatonta mikrofonia<\/li>\n \t<li>Laulumikrofoni<\/li>\n \t<li>S\u00e4hk\u00f6piano<\/li>\n \t<li>Karaokesoitin<\/li>\n<\/ul>\n<\/li>\n \t<li style=\"text-align: left;\">Ruoka- ja kahviastiastot noin 100 hengelle<\/li>\n \t<li style=\"text-align: left;\">P\u00f6yt\u00e4liinat (valkoiset ja punaiset)<\/li>\n \t<li style=\"text-align: left;\">Kahvio, jossa 25 istumapaikkaa<\/li>\n \t<li style=\"text-align: left;\">Salissa p\u00f6yd\u00e4t ja tuolit noin 100 hengelle<\/li>\n \t<li style=\"text-align: left;\">Kokoontumiskapasiteetti: 240 henkil\u00f6\u00e4<\/li>\n \t<li style=\"text-align: left;\">Keitti\u00f6varustus:\n<ul>\n \t<li style=\"text-align: left;\">Induktioliesi<\/li>\n \t<li style=\"text-align: left;\">Uuni<\/li>\n \t<li style=\"text-align: left;\">Mikroaaltouuni<\/li>\n \t<li style=\"text-align: left;\">Side by Side -j\u00e4\u00e4kaappi pakastimella<\/li>\n \t<li style=\"text-align: left;\">Teollisuusastianpesukone<\/li>\n \t<li style=\"text-align: left;\">2 kahvinkeitint\u00e4 ja termospullo<\/li>\n \t<li style=\"text-align: left;\">S\u00e4hk\u00f6vatkain<\/li>\n<\/ul>\n<\/li>\n<\/ul>\n<span style=\"font-weight: normal;\"><strong>Lis\u00e4varusteet ja mukavuudet:\u00a0<\/strong>\n<\/span>\n<ul>\n \t<li><span style=\"font-weight: normal;\">Kaasugrilli+kaasupullo (ulkok\u00e4ytt\u00f6)<\/span><\/li>\n \t<li><span style=\"font-weight: normal;\">Ilmakiekkopeli (sis\u00e4ll\u00e4)<\/span><\/li>\n \t<li><span style=\"font-weight: normal;\">Silityslauta ja silitysrauta<\/span><\/li>\n \t<li><span style=\"font-weight: normal;\">Maljakoita<\/span><\/li>\n<\/ul>\n<strong>Tilavuokra<\/strong>\n<ul>\n \t<li><span style=\"font-weight: normal;\">Tilavuokra ma\u2013to: 150 \u20ac\/vrk<\/span><\/li>\n \t<li><span style=\"font-weight: normal;\">Tilavuokra pe\u2013su: 200 \u20ac\/vrk<\/span><\/li>\n \t<li><span style=\"font-weight: normal;\">Viikonloppuvuokra (pe\u2013su): 500 \u20ac<\/span><\/li>\n \t<li><span style=\"font-weight: normal;\">Max 3 h vuokraus: 80 \u20ac<\/span><\/li>\n \t<li><span style=\"font-weight: normal;\">Kahvion vuokra: 120 \u20ac\/p\u00e4iv\u00e4<\/span><\/li>\n \t<li><span style=\"font-weight: normal;\">Kaasugrillin vuokraus: 25 \u20ac\/p\u00e4iv\u00e4<\/span><\/li>\n<\/ul>\n<strong>Ulkopuolelle vuokrattavat tuotteet<\/strong>\n<ul>\n \t<li><span style=\"font-weight: normal;\">Artek-tuolit (Alvar Aallon suunnittelemat): <\/span>\n<ul>\n \t<li><span style=\"font-weight: normal;\">10\u201350 kpl: 50 \u20ac<\/span><\/li>\n \t<li><span style=\"font-weight: normal;\">51\u2013120 kpl: 100 \u20ac<\/span><\/li>\n<\/ul>\n<\/li>\n \t<li><span style=\"font-weight: normal;\">P\u00f6yd\u00e4t: <\/span>\n<ul>\n \t<li><span style=\"font-weight: normal;\">1\u201330 kpl: 5,00 \u20ac\/p\u00f6yt\u00e4\/vrk<\/span><\/li>\n<\/ul>\n<\/li>\n \t<li><span style=\"font-weight: normal;\">Kahviastiat: <\/span>\n<ul>\n \t<li><span style=\"font-weight: normal;\">10\u201330 kpl: 25,00 \u20ac\/vrk<\/span><\/li>\n \t<li><span style=\"font-weight: normal;\">31\u201350 kpl: 35,00 \u20ac\/vrk<\/span><\/li>\n \t<li><span style=\"font-weight: normal;\">51\u201390 kpl: 50,00 \u20ac\/vrk<\/span><\/li>\n<\/ul>\n<\/li>\n \t<li><span style=\"font-weight: normal;\">Ruoka-astiat: <\/span>\n<ul>\n \t<li><span style=\"font-weight: normal;\">10\u201350 kpl: 30,00 \u20ac\/vrk<\/span><\/li>\n \t<li><span style=\"font-weight: normal;\">51\u201390 kpl: 50,00 \u20ac\/vrk<\/span><\/li>\n<\/ul>\n<\/li>\n \t<li><span style=\"font-weight: normal;\">P\u00f6yt\u00e4liinat: 3,00 \u20ac\/kpl\/vrk<\/span><\/li>\n \t<li>Pomppulinna 30e\/vrk<\/li>\n<\/ul>\n<strong>Vuokrausehdot<\/strong>\n<ul>\n \t<li><span style=\"font-weight: normal;\">Avaimen saa tilaisuutta edelt\u00e4v\u00e4n\u00e4 p\u00e4iv\u00e4n\u00e4<\/span><\/li>\n \t<li><span style=\"font-weight: normal;\">Tila tulee palauttaa siivottuna samaan kuntoon<\/span><\/li>\n \t<li><span style=\"font-weight: normal;\">P\u00f6yt\u00e4liinat palautetaan pestyin\u00e4 ja silitettyin\u00e4<\/span><\/li>\n \t<li><span style=\"font-weight: normal;\">Peruutus viimeist\u00e4\u00e4n 7 vrk ennen tilaisuutta<\/span><\/li>\n \t<li><span style=\"font-weight: normal;\">Peruuttamattomasta varauksesta veloitetaan 100 \u20ac<\/span><\/li>\n<\/ul>\n<strong>Tutustu tiloihin <a href=\"https:\/\/youtu.be\/Qr9HGakBrhY?feature=shared\">videolla<\/a><\/strong>\n<blockquote><strong>Tiedustelut ja varaukset<\/strong>\n<ul>\n \t<li><a style=\"color: #96607d; text-decoration: underline;\" href=\"mailto:posti@alajarvennuorisoseura.fi\">posti@alajarvennuorisoseura.fi<\/a><\/li>\n \t<li>Varauskalenteri www.alajarvennuorisoseura.fi<\/li>\n \t<li>Puh. +358 40 594 6709<span style=\"font-weight: 400;\">\n<\/span><\/li>\n<\/ul>\n<\/blockquote>            <!--{\/content}-->\n        <\/p>\n    <!--[\/text]-->\n\n    <!--[section]-->\n\t\t\t\t<section id=section4 class=\" bd-section-676124692  bd-tagstyles\" data-section-title=\"One \u0421olumn\">\n\t\t\t<div class=\"bd-container-inner bd-margins clearfix\">\n\t\t\t\t<!--{content}-->\n\t\t\t\t\t\t\t\t\t<!--{\/content}-->\n\t\t\t<\/div>\n\t\t<\/section>\n\t<!--[\/section]-->\n\n","protected":false},"excerpt":{"rendered":"","protected":false},"author":1,"featured_media":0,"parent":0,"menu_order":0,"comment_status":"closed","ping_status":"closed","template":"","meta":{"footnotes":""},"class_list":["post-189","page","type-page","status-publish","hentry"],"yoast_head":"<!-- This site is optimized with the Yoast SEO plugin v26.9 - https:\/\/yoast.com\/product\/yoast-seo-wordpress\/ -->\n<title>Tilavuokraus - Alaj\u00e4rven Nuorisoseura<\/title>\n<meta name=\"robots\" content=\"index, follow, max-snippet:-1, max-image-preview:large, max-video-preview:-1\" \/>\n<link rel=\"canonical\" href=\"https:\/\/alajarvennuorisoseura.fi\/index.php\/tilavuokraus\/\" \/>\n<meta property=\"og:locale\" content=\"fi_FI\" \/>\n<meta property=\"og:type\" content=\"article\" \/>\n<meta property=\"og:title\" content=\"Tilavuokraus - Alaj\u00e4rven Nuorisoseura\" \/>\n<meta property=\"og:url\" content=\"https:\/\/alajarvennuorisoseura.fi\/index.php\/tilavuokraus\/\" \/>\n<meta property=\"og:site_name\" content=\"Alaj\u00e4rven Nuorisoseura\" \/>\n<meta property=\"article:publisher\" content=\"https:\/\/www.facebook.com\/alajarvennuorisoseura\" \/>\n<meta property=\"article:modified_time\" content=\"2025-07-11T12:08:45+00:00\" \/>\n<meta name=\"twitter:card\" content=\"summary_large_image\" \/>\n<meta name=\"twitter:label1\" content=\"Arvioitu lukuaika\" \/>\n\t<meta name=\"twitter:data1\" content=\"2 minuuttia\" \/>\n<script type=\"application\/ld+json\" class=\"yoast-schema-graph\">{\"@context\":\"https:\/\/schema.org\",\"@graph\":[{\"@type\":\"WebPage\",\"@id\":\"https:\/\/alajarvennuorisoseura.fi\/index.php\/tilavuokraus\/\",\"url\":\"https:\/\/alajarvennuorisoseura.fi\/index.php\/tilavuokraus\/\",\"name\":\"Tilavuokraus - Alaj\u00e4rven Nuorisoseura\",\"isPartOf\":{\"@id\":\"https:\/\/alajarvennuorisoseura.fi\/#website\"},\"datePublished\":\"2025-04-20T17:57:58+00:00\",\"dateModified\":\"2025-07-11T12:08:45+00:00\",\"breadcrumb\":{\"@id\":\"https:\/\/alajarvennuorisoseura.fi\/index.php\/tilavuokraus\/#breadcrumb\"},\"inLanguage\":\"fi\",\"potentialAction\":[{\"@type\":\"ReadAction\",\"target\":[\"https:\/\/alajarvennuorisoseura.fi\/index.php\/tilavuokraus\/\"]}]},{\"@type\":\"BreadcrumbList\",\"@id\":\"https:\/\/alajarvennuorisoseura.fi\/index.php\/tilavuokraus\/#breadcrumb\",\"itemListElement\":[{\"@type\":\"ListItem\",\"position\":1,\"name\":\"Etusivu\",\"item\":\"https:\/\/alajarvennuorisoseura.fi\/\"},{\"@type\":\"ListItem\",\"position\":2,\"name\":\"Tilavuokraus\"}]},{\"@type\":\"WebSite\",\"@id\":\"https:\/\/alajarvennuorisoseura.fi\/#website\",\"url\":\"https:\/\/alajarvennuorisoseura.fi\/\",\"name\":\"Alaj\u00e4rven Nuorisoseura\",\"description\":\"\",\"publisher\":{\"@id\":\"https:\/\/alajarvennuorisoseura.fi\/#organization\"},\"potentialAction\":[{\"@type\":\"SearchAction\",\"target\":{\"@type\":\"EntryPoint\",\"urlTemplate\":\"https:\/\/alajarvennuorisoseura.fi\/?s={search_term_string}\"},\"query-input\":{\"@type\":\"PropertyValueSpecification\",\"valueRequired\":true,\"valueName\":\"search_term_string\"}}],\"inLanguage\":\"fi\"},{\"@type\":\"Organization\",\"@id\":\"https:\/\/alajarvennuorisoseura.fi\/#organization\",\"name\":\"Alaj\u00e4rven Nuorisoseura\",\"url\":\"https:\/\/alajarvennuorisoseura.fi\/\",\"logo\":{\"@type\":\"ImageObject\",\"inLanguage\":\"fi\",\"@id\":\"https:\/\/alajarvennuorisoseura.fi\/#\/schema\/logo\/image\/\",\"url\":\"https:\/\/alajarvennuorisoseura.fi\/wp-content\/uploads\/2024\/03\/Logo_lapinakyva.png\",\"contentUrl\":\"https:\/\/alajarvennuorisoseura.fi\/wp-content\/uploads\/2024\/03\/Logo_lapinakyva.png\",\"width\":1500,\"height\":413,\"caption\":\"Alaj\u00e4rven Nuorisoseura\"},\"image\":{\"@id\":\"https:\/\/alajarvennuorisoseura.fi\/#\/schema\/logo\/image\/\"},\"sameAs\":[\"https:\/\/www.facebook.com\/alajarvennuorisoseura\"]}]}<\/script>\n<!-- \/ Yoast SEO plugin. -->","yoast_head_json":{"title":"Tilavuokraus - Alaj\u00e4rven Nuorisoseura","robots":{"index":"index","follow":"follow","max-snippet":"max-snippet:-1","max-image-preview":"max-image-preview:large","max-video-preview":"max-video-preview:-1"},"canonical":"https:\/\/alajarvennuorisoseura.fi\/index.php\/tilavuokraus\/","og_locale":"fi_FI","og_type":"article","og_title":"Tilavuokraus - Alaj\u00e4rven Nuorisoseura","og_url":"https:\/\/alajarvennuorisoseura.fi\/index.php\/tilavuokraus\/","og_site_name":"Alaj\u00e4rven Nuorisoseura","article_publisher":"https:\/\/www.facebook.com\/alajarvennuorisoseura","article_modified_time":"2025-07-11T12:08:45+00:00","twitter_card":"summary_large_image","twitter_misc":{"Arvioitu lukuaika":"2 minuuttia"},"schema":{"@context":"https:\/\/schema.org","@graph":[{"@type":"WebPage","@id":"https:\/\/alajarvennuorisoseura.fi\/index.php\/tilavuokraus\/","url":"https:\/\/alajarvennuorisoseura.fi\/index.php\/tilavuokraus\/","name":"Tilavuokraus - Alaj\u00e4rven Nuorisoseura","isPartOf":{"@id":"https:\/\/alajarvennuorisoseura.fi\/#website"},"datePublished":"2025-04-20T17:57:58+00:00","dateModified":"2025-07-11T12:08:45+00:00","breadcrumb":{"@id":"https:\/\/alajarvennuorisoseura.fi\/index.php\/tilavuokraus\/#breadcrumb"},"inLanguage":"fi","potentialAction":[{"@type":"ReadAction","target":["https:\/\/alajarvennuorisoseura.fi\/index.php\/tilavuokraus\/"]}]},{"@type":"BreadcrumbList","@id":"https:\/\/alajarvennuorisoseura.fi\/index.php\/tilavuokraus\/#breadcrumb","itemListElement":[{"@type":"ListItem","position":1,"name":"Etusivu","item":"https:\/\/alajarvennuorisoseura.fi\/"},{"@type":"ListItem","position":2,"name":"Tilavuokraus"}]},{"@type":"WebSite","@id":"https:\/\/alajarvennuorisoseura.fi\/#website","url":"https:\/\/alajarvennuorisoseura.fi\/","name":"Alaj\u00e4rven Nuorisoseura","description":"","publisher":{"@id":"https:\/\/alajarvennuorisoseura.fi\/#organization"},"potentialAction":[{"@type":"SearchAction","target":{"@type":"EntryPoint","urlTemplate":"https:\/\/alajarvennuorisoseura.fi\/?s={search_term_string}"},"query-input":{"@type":"PropertyValueSpecification","valueRequired":true,"valueName":"search_term_string"}}],"inLanguage":"fi"},{"@type":"Organization","@id":"https:\/\/alajarvennuorisoseura.fi\/#organization","name":"Alaj\u00e4rven Nuorisoseura","url":"https:\/\/alajarvennuorisoseura.fi\/","logo":{"@type":"ImageObject","inLanguage":"fi","@id":"https:\/\/alajarvennuorisoseura.fi\/#\/schema\/logo\/image\/","url":"https:\/\/alajarvennuorisoseura.fi\/wp-content\/uploads\/2024\/03\/Logo_lapinakyva.png","contentUrl":"https:\/\/alajarvennuorisoseura.fi\/wp-content\/uploads\/2024\/03\/Logo_lapinakyva.png","width":1500,"height":413,"caption":"Alaj\u00e4rven Nuorisoseura"},"image":{"@id":"https:\/\/alajarvennuorisoseura.fi\/#\/schema\/logo\/image\/"},"sameAs":["https:\/\/www.facebook.com\/alajarvennuorisoseura"]}]}},"_links":{"self":[{"href":"https:\/\/alajarvennuorisoseura.fi\/index.php\/wp-json\/wp\/v2\/pages\/189","targetHints":{"allow":["GET"]}}],"collection":[{"href":"https:\/\/alajarvennuorisoseura.fi\/index.php\/wp-json\/wp\/v2\/pages"}],"about":[{"href":"https:\/\/alajarvennuorisoseura.fi\/index.php\/wp-json\/wp\/v2\/types\/page"}],"author":[{"embeddable":true,"href":"https:\/\/alajarvennuorisoseura.fi\/index.php\/wp-json\/wp\/v2\/users\/1"}],"replies":[{"embeddable":true,"href":"https:\/\/alajarvennuorisoseura.fi\/index.php\/wp-json\/wp\/v2\/comments?post=189"}],"version-history":[{"count":34,"href":"https:\/\/alajarvennuorisoseura.fi\/index.php\/wp-json\/wp\/v2\/pages\/189\/revisions"}],"predecessor-version":[{"id":241,"href":"https:\/\/alajarvennuorisoseura.fi\/index.php\/wp-json\/wp\/v2\/pages\/189\/revisions\/241"}],"wp:attachment":[{"href":"https:\/\/alajarvennuorisoseura.fi\/index.php\/wp-json\/wp\/v2\/media?parent=189"}],"curies":[{"name":"wp","href":"https:\/\/api.w.org\/{rel}","templated":true}]}}