{"id":15,"date":"2024-03-14T20:14:17","date_gmt":"2024-03-14T20:14:17","guid":{"rendered":"https:\/\/alajarvennuorisoseura.fi\/?page_id=15"},"modified":"2024-07-26T18:59:21","modified_gmt":"2024-07-26T18:59:21","slug":"historia","status":"publish","type":"page","link":"https:\/\/alajarvennuorisoseura.fi\/index.php\/historia\/","title":{"rendered":"Historia"},"content":{"rendered":"    <!--[section]-->\n\t\t\t\t<section id=section4 class=\" bd-section-345143636  bd-tagstyles\" data-section-title=\"One \u0421olumn\">\n\t\t\t<div class=\"bd-container-inner bd-margins clearfix\">\n\t\t\t\t<!--{content}-->\n\t\t\t\t\t    <!--[columns]-->\n        <style>\n.bd-layoutcontainer-355777946  > .bd-container-inner > .container-fluid:after{display:none;}<\/style><style>\n.bd-layoutcontainer-355777946 > .bd-container-inner > .container-fluid, .bd-layoutcontainer-355777946 > .bd-container-inner > .container-fluid > .row{height:100%;}<\/style><style>.bd-layoutcontainer-355777946 > .bd-container-inner > .container-fluid {padding-left: 0; padding-right: 0;}<\/style>        <style><\/style>        <div class=\" bd-layoutcontainer-355777946  bd-columns bd-no-margins\">\n            <div class=\"bd-container-inner\">\n                <div class=\"container-fluid\">\n                    <div class=\"row bd-row-flex bd-row-align-middle\">\n                        <!--{content}-->\n                                <!--[column]-->\n        <div class=\"col-xs-12 bd-columnwrapper-1022128735\">\n            <div class=\"bd-column  bd-layoutcolumn-1022128735 \">\n                <div class=\"bd-vertical-align-wrapper\">\n                    <!--{content}-->\n                            <!--[text]-->\n                <p class=\" additional-class-130247861  bd-content-element\">\n            <!--{content}-->\n                <b>Alaj\u00e4rven kirkonkyl\u00e4n nuorisoseura ry<\/b><br><br>Alaj\u00e4rven kirkkoherra Jonatan Johansson seurasi tarkasti yhdistystominnan kehittymist\u00e4 J\u00e4rviseudulla ja l\u00e4hiymp\u00e4rist\u00f6ss\u00e4. En- simm\u00e4iset kirjalliset l\u00e4hteet nuorisoseuran perustamisaikeista Alaj\u00e4rvelle l\u00f6ytyv\u00e4tkin h\u00e4nen p\u00e4iv\u00e4kirjastaan.<br><br>Jaoulukuun alussa 1895 postin hoitaja Ida Tolpo oli kertonut kirkkoherralle, ett\u00e4 W.J. Lepp\u00e4nen ja Jaakko Oskari Korpela olivat puuhaamassa nuorisoseuraa Alaj\u00e4rvelle.&nbsp;<br><br>5.1.1896 W.J. Lepp\u00e4sen johdolla laaditut s\u00e4\u00e4nn\u00f6t hyv\u00e4ksyttiin, ja p\u00e4\u00e4tettiin perustaa Alaj\u00e4rven Nuorisoseura. Perustavassa kokouksessa nuorisoseuran j\u00e4seneksi liittyi 33 naista ja 49 miest\u00e4. Esimieheksi valittiin ylioppilas Korpela, varaesimieheksi nimismies Emil Huld\u00e9n, kirjuriksi kauppias A.O. Logren, varakirjuriksi W.J. Lepp\u00e4nen, rahastonhoitajaksi kauppias Heikki Mikkolanaho ja muiksi johtokunnan j\u00e4seniksi Johan Hoisko, Walentin Mets\u00e4pelto, talonpoika Frans Myllykangas sek\u00e4 neidit Hilda Ahopelto, Maija Huhtikangas, Maija Korpela ja Maria Hoisko.&nbsp;<br><br>Alaj\u00e4rven Nuorisoseuran ensimm\u00e4inen lehti Kyl\u00e4n Viesti ilmestyi huhtikuussa 1896. Samana vuonna j\u00e4rjestettiin my\u00f6s nuorisoseuran ensimm\u00e4iset iltamat p\u00e4\u00e4si\u00e4isp\u00e4iv\u00e4n\u00e4 Matti Hoiskon talossa Hoiskossa. Kes\u00e4ll\u00e4 sai ensi-iltansa nuorisoseuran ensimm\u00e4inen n\u00e4ytelm\u00e4 Minna Canthin murtovaras, joka esitettiin Hoiskon riihess\u00e4.<br><br>Alaj\u00e4rven Nuorisoseura osti vuonna 1901 Matti N\u00e4pp\u00e4r\u00e4lt\u00e4 meijarirakennuksen toimitalokseen. Rakennus sijaitsi kirkonkyl\u00e4ss\u00e4 joentakana Soiniin menev\u00e4n tien varressa.&nbsp;<br><br>Alaj\u00e4rvell\u00e4 k\u00e4ytiin 1902-1917 kova suunta taistelu aatteellisen Nuorisoseura ty\u00f6n ja tanssin v\u00e4lill\u00e4. Oman toimitalon saaminen lis\u00e4si tanssihaluja, kun tanssien j\u00e4rjest\u00e4minen oli entist\u00e4 helpompaa. &nbsp;Urheilun alueella Alaj\u00e4rven Nuorisoseura k\u00e4ynnisti 1902-1917 kolme uutta kilpailumuotoa: naisvoimistelu, py\u00f6r\u00e4ily ja paini. Lupaavasti alkaneen Alaj\u00e4rven Nuorisoseuran soittokunnan toiminta laimeni 1900-luvun alussa ja siirtyikin VPK:lle 1913.<br><br>Alaj\u00e4rven Nuorisoseura sai pahan kolauksen 14.5.1917, kun toimitila paloi Flooran p\u00e4iv\u00e4n juhlan j\u00e4lkeisen\u00e4 iltana. Alaj\u00e4rven Nuorisoseuran talon tuhouduttua alettiin nopeasti suunnitella uutta taloa ja p\u00e4\u00e4ty uuden talon rakentamisesta tehtiin 23.9.1917 pidetyss\u00e4 syyskokouksessa. Hein\u00e4kuun 17. p\u00e4iv\u00e4n\u00e4 1919 Alaj\u00e4rven nuorisoseura osti Matti ja Jenny Ojaj\u00e4rvelt\u00e4 keisarinkangas -nimisen tilan 1100mk hinnalla. T\u00e4ll\u00e4 paikalla Alaj\u00e4rven Nuorisoseuran talo sijaitsee edelleen. Talon suunnittelijaksi valittiin nuori arkkitehtiopiskelija Alvar Aalto.<br><br>Yhdess\u00e4 suhteessa Alaj\u00e4rven Nuorisoseura&nbsp; poikkeaa muista nuorisoseuroista: seuran toimitalo on maailmankuulun arkkitehti Alvar Aallon ensimm\u00e4inen kokonaisen talon k\u00e4- sitt\u00e4v\u00e4 rakennussuunnitelma. T\u00e4m\u00e4n takia Alaj\u00e4rven nuorisoseuran historia kuuluu maailmanhistoriaan.&nbsp;<br><br>Alaj\u00e4rven Nuorisoseura on tehnyt arvokkaan kulttuurity\u00f6n antaessaan aikanaan suunnitteluty\u00f6n Alvar Aallolle ja taistellessaan vuosikymmenest\u00e4 toiseen talon pelastamiseksi.<br><br><b>Alaj\u00e4rven nuorisoseurantalo \/ Suojeluskuntatalo<\/b><br><b><br><\/b>1919 Alvar Aalto sai opiskeluaikanaan suunniteltavaksi Alaj\u00e4rven nuorisoseurantalon, joka alkujaan suunniteltiin suojeluskuntataloksi. Rakennus on Aallon ensimm\u00e4inen julkisen rakennuksen suunnitteluty\u00f6. Rakennusty\u00f6t toteutettiin nopeasti isolla talkoov\u00e4ell\u00e4. Nuorisoseurantalo valmistui vuonna 1920 ja rakennus vihittiin k\u00e4ytt\u00f6\u00f6n 28.11.1920.&nbsp;<br><br>\"V\u00e4in\u00f6-veljen kertoman mukaan Alvar sai teht\u00e4v\u00e4n, koska h\u00e4n oli ilmoittanut suojeluskunnan p\u00e4\u00e4llik\u00f6lle haluavansa piirt\u00e4\u00e4 talon vapaaehtoisena sotapalveluksena, korvaamaan sit\u00e4, ett\u00e4 oli niin v\u00e4h\u00e4n osallistunut suojeluskunnan harjoituksiin.\" Alvar Aallon is\u00e4 JH Aalto toimi Alaj\u00e4rven suojeluskunnan ensimm\u00e4isen\u00e4 paikallisp\u00e4\u00e4llikk\u00f6n\u00e4 1918-1919.<br><br>Alaj\u00e4rven nuorisoseura on hirsirakenteinen rakennus, joka edustaa tyylilt\u00e4\u00e4n uusklassismia. Rakennuksessa on pystysuuntainen verhoilu sek\u00e4 aumattu korkea katto, joka antaa rakennukselle h\u00e4iv\u00e4hdyksen linnamaisuutta, kuin \"karoliininen herraskartano\".&nbsp;Rakennuksen kruunaa katon kattoratsastaja eli karoliininen lanterniini, joka muistuttaa Alaj\u00e4rven kirkon tapulia. Rakennuksen sivuilla olevien symmetristen sivusiipien v\u00e4liin j\u00e4i alunperin pieni kunniapiha, jonka p\u00e4\u00e4lle on sittemmin rakennettu kuistimainen eteishalli.&nbsp;<br><br>Korkea katto johtuu sis\u00e4lle sijoitetusta juhlasalista, johon on ristikk\u00e4isten kattoparrujen avulla saatu niin paljon korkeutta, ett\u00e4 toiseen p\u00e4\u00e4tyyn mahtuu n\u00e4ytt\u00e4m\u00f6 ja toiseen sivusalin p\u00e4\u00e4lle on voitu rakentaa orkesteriparvi. Lis\u00e4ksi piirustuksissa oli pukuhuone, keitti\u00f6, sek\u00e4 kerhohuone. Alvarille tutut ristikkoikkunat ovat kooltaan, muodoltaan ja sijoittelultaan sopusuhtaiset.&nbsp;<br><br>Nuorisoseuran talo siirtyi 23.11.1926 Alaj\u00e4rven suojeluskunnan omistukseen 60 000mk hinnalla. Suojeluskunta teki hankkimaansa taloon kymmenien tuhansien peruskorjauksen.<br>&nbsp;<br>- Kaksi etupihan siipiosaa yhdistettiin eteishallilla.<br style=\"transition-duration: 0s; transition-timing-function: ease; transition-delay: 0s;\"><br style=\"transition-duration: 0s; transition-timing-function: ease; transition-delay: 0s;\">- Ennen maalaamaton talo maalattiin punamullalla ja ikkunanpuitteet valkoisella maalilla.<br style=\"transition-duration: 0s; transition-timing-function: ease; transition-delay: 0s;\"><br style=\"transition-duration: 0s; transition-timing-function: ease; transition-delay: 0s;\">- Sis\u00e4\u00e4nk\u00e4ynti siirtyi luoteisp\u00e4\u00e4dyst\u00e4 lounaisp\u00e4\u00e4tyyn.<br><br style=\"transition-duration: 0s; transition-timing-function: ease; transition-delay: 0s;\">- Sis\u00e4\u00e4nk\u00e4ynnin muutoksella rauhoitettiin luoteisp\u00e4\u00e4ty yksityisasunnoksi, jossa asui mm. suojeluskunnan alue- ja paikallisp\u00e4\u00e4llik\u00f6it\u00e4.<br><br>- Hankittiin n\u00e4ytt\u00e4m\u00f6- ja juhlasalin kalustoa sek\u00e4 elokuvakone.&nbsp;<br><br>Suojeluskunnan lis\u00e4ksi talossa toimi 1926-1944 v\u00e4lisen ajan Lotta Sv\u00e4rd paikallisosasto. 3.11.1944 Alaj\u00e4rven suojeluskunta p\u00e4\u00e4tti myyd\u00e4 talon&nbsp;Alaj\u00e4rven Kiinteist\u00f6 Oy:n edustajalle Toivo Kokolle 79 000mk kauppahinnalla.&nbsp;<br><br><b>Lotta Sv\u00e4rd -j\u00e4rjest\u00f6 ja kyl\u00e4osastot<\/b><br><br>Etel\u00e4-Pohjanmaan lottapiiri perustettiin vuonna 1921 ja Alaj\u00e4rven Lotta Sv\u00e4rd -j\u00e4rjest\u00f6 vuonna 1923. Yhdistyksen 43 varsinaisen ja 3 kannatusj\u00e4senen puheenjohtajaksi valittiin Helmi Asplund, sihteeriksi Olga Salminen, varapuheenjohtajaksi ja rahas tonhoitajaksi Venni Kotkaniemi; j\u00e4rjest\u00f6ss\u00e4 oli 80 lottaa 1920-luvun lopulla. Talvisodan aattona kirkonkyl\u00e4n, Koivum\u00e4en, Kurejoen, Luoma-ahon ja Menkij\u00e4rven lottaosastoissa oli 268 j\u00e4sent\u00e4. Kunnallisj\u00e4rjest\u00f6 jakautui l\u00e4\u00e4kint\u00e4, majoitus-, varustus-, kanslia- ja ker\u00e4ysjaostoihin. Is\u00e4nmaallisia arvoja vaali vien lottien tuottoisa ker\u00e4ystoiminta ja Lotta-kioskin tulot tukivat suojeluskuntaa. Harjoitusp\u00e4ivill\u00e4 lotat hoitivat suojeluskunnan muonituksen hankkimillaan ruokatarpeilla. Lottien paikallisosaston ja jaostojen toiminta perustui vuosittaiseen toimintasuunnitelmaan.<br><br>Helmi Asplund johti j\u00e4rjest\u00f6n toimintaa vuosina 1923-1933. Aino Lassila, Toini Aalto ja Ida Laitila jatkoivat toimessa vuoteen 1944 saakka. Ida Laitila oli sihteerin\u00e4 yli 10 vuoden ajan. Leirien ja harjoitusten aikana lotat vastasivat suojeluskunnan l\u00e4\u00e4kint\u00e4 huollosta. Paikallisosasto j\u00e4rjesti ty\u00f6iltoja, myyj\u00e4isi\u00e4, iltamia, arpajaisia, itsen\u00e4isyys- p\u00e4iv\u00e4n ja vapaussodan vuosijuhlia. Liikunnalliset lotat suorittivat harrastusmerkkej\u00e4 yleisurheilussa, hiihdossa ja voimistelussa. J\u00e4rjest\u00f6 hankki ruokailu- ja kahviastiastot muonitusta varten.&nbsp;<br><br>Sota-aikana 32 alaj\u00e4rvel\u00e4ist\u00e4 lottaa ty\u00f6skenteli rintaman kentt\u00e4olosuhteissa ja sotasairaalassa. Kotirintaman lotat hoitivat ilmavalvonta- ja muonitusteht\u00e4vi\u00e4. Alaj\u00e4rvell\u00e4 pidettiin ilmavalvontakursseja maamme lottaosastoille. Vuonna 1933 alkanut pikkulottien toiminta laajeni 160 tyt\u00f6n osastoksi jatkosodan aikana. Lotta Sv\u00e4rd -j\u00e4rjest\u00f6 lakkautettiin Moskovan v\u00e4lirauhansopimuksen perusteella vuonna 1944.<br><br><b>Nuorisoseurantalo siirtyy Alaj\u00e4rven kirkonkyl\u00e4n nuorisoseuran omistukseen 1946<\/b><br><br>Alaj\u00e4rven kirkonkyl\u00e4n nuorisoseuran omistukseen talo ja tontti p\u00e4\u00e4tyiv\u00e4t j\u00e4lleen vuonna 1946, jonka omistuksessa rakennus on edelleen. Vuonna 1960 nuorisoseuran talo jouduttiin j\u00e4lleen peruskorjaamaan, koska kunto oli p\u00e4\u00e4ssyt rapistumaan. Korjausty\u00f6t tehtiin suurimmaksi osaksi talkoilla. Tarvikkeet rahoitettiin avustuksilla ja lahjoituksilla. Arkkitehti Marjatta Leskinen teki korjauspiirustukset. Suurimmat muutokset olivat orkesteriparven poistaminen ja juhlasalin tanssilattian lis\u00e4\u00e4minen. Lis\u00e4ys saatiin aikaan siirrett\u00e4v\u00e4ll\u00e4 n\u00e4ytt\u00e4m\u00f6ll\u00e4, jonka suunnitteli Hamilkar Aalto, Ainon ja Alvarin poika. Ulkoa talo vuorattiin pystylaudoituksella ja eteisen ikkunat ja ovet muutettiin.<br>Koko historiansa ajan on nuorisoseuralla ollut haasteita talouden kanssa. Muutaman vuoden kuluttua korjausremontista nuorisoseuran taloudelliset vaikeudet pakottivat sen vuokraamaan talon kunnalle. Tilassa on toiminut kauppaoppilaitos, kansalaisopisto, bingohalli ja Alaj\u00e4rven Mattokutomo, kunnes se vuonna 1976 muutettiin elokuvateatteriksi.<br><br>Alaj\u00e4rven nuorisoseura on yh\u00e4 alkuper\u00e4isell\u00e4 paikallaan, mutta on rakennettu suurelta osin uusiksi 17.6.1983 sattuneen salaman aiheuttaman tulipalon vuoksi. Ensimm\u00e4inen salamanisku&nbsp;sai kirkonkellot ly\u00f6m\u00e4\u00e4n ja seuraava sytytti talon p\u00e4\u00e4dyss\u00e4 olevan puun. P\u00e4\u00e4tt\u00e4v\u00e4isesti talon korjausty\u00f6t aloitettiin heti ja tarkoituksena oli korjauttaa talo alkuper\u00e4iseen muotoonsa. Eteinen rakennettiin taloudellisuus- ja k\u00e4yt\u00e4nn\u00f6llisyysn\u00e4k\u00f6kohdat huomioiden puolittain. N\u00e4in voitiin sijoittaa naulakoita ja WC:t.&nbsp;Talon korjaust\u00f6it\u00e4 ja suunnitelmia johti Alvarin sisarenpoika Arkkitehti Heikki Tarkka. Korjausten kustannusarvio oli 1,1 miljoonaa markkaa. Vakuutusyhti\u00f6 korvasi 360 000 markkaa ja valtiolta saatiin 700 000 markkaa avustusta. Loput rahasta nuorisoseura ker\u00e4si itse, mm Liisa Heinil\u00e4n operoimalla tuoliker\u00e4yksell\u00e4. Palon aiheuttamat vauriot korjattiin vuosina 1984-1986.&nbsp;<br><br>T\u00e4m\u00e4n j\u00e4lkeen nuorisoseuraa remontoitiin vasta vuonna 2005, jolloin rakennus my\u00f6s maalattiin Aallon toiveiden mukaisesti keltaiseksi. Vuonna 2016 nuorisoseuran keitti\u00f6 remontoitiin kokonaisuudessaan kotiseutuliiton raha-avustuksella. Vuonna 2024 Alaj\u00e4rven nuorisoseuran talon maalattiin kokonaisuudessa uudelleen herraskartanon keltaiseksi. Maalaukseen saatiin rahoitusta Leader Aisaparilta.<br><br><b>Nuorisoseuran kummitus<\/b><br><br>Alaj\u00e4rven nuorisoseuraan liittyy entisen nuorisoseuran puheenjohtajan Tuula Viitalan mukaan my\u00f6s kummitustarinoita. Salissa on n\u00e4hty sotilaspukuisen miehen k\u00e4velen lavalta alas. Talossa on my\u00f6s n\u00e4hty my\u00f6s naishahmon, jonka ep\u00e4ill\u00e4\u00e4n olevan Ebba Lindroos, V\u00e4in\u00f6 Aallon sihteeri ja suojeluskunnan sihteeri. Ebba -neiti rakastui Alaj\u00e4rvell\u00e4 jonkun aikaa oleilleeseen upseeriin, lupauksia annettiin jo puolin ja toisin, mutta Ebba tuli j\u00e4tetyksi, kun upseeri palasi kotiseudulleen. Ebba on haudattu Helsinkiin, mutta kummittelee (ja tanssii) edelleen nuorisoseurantalolla. H\u00e4nen kuolinp\u00e4iv\u00e4\u00e4ns\u00e4 liittyy my\u00f6s hurja tarina.\u2013 Kun h\u00e4n kuoli 1980-luvulla Helsingiss\u00e4, iski salama samana p\u00e4iv\u00e4n\u00e4 nuorisoseurantaloon. Onneksi tuli saatiin nopeasti hallintaan ja vahingot rajoittuivat kattorakenteisiin. &nbsp;<br><br><b>L\u00e4hteet:<\/b><br><br>- Alaj\u00e4rven Suojeluskunta. Eetu RIntala. 1981<br>-&nbsp;Alaj\u00e4rven Historia - Er\u00e4maasta Kaupungiksi. Heikki Junnila. 1999<br>- Valkoinen P\u00f6yt\u00e4. Alvar Aallon nuoruus ja taiteelliset perusideat. G\u00f6ran Schildt. 1982<br>- Alaj\u00e4rven Nuorisoseuran 100-vuotisvaiheet. Toivo Kivipelto. 1996<br>- <a href=\"https:\/\/aalto.alajarvi.fi\/Suomeksi\/Alvar_Aalto_Alajarvella\/Nuorisoseurantalo.html\">Alaj\u00e4rven Kaupunki<\/a>&nbsp;<br>- <a href=\"http:\/\/epmuisto.fi\/page58.html\">EP Muisto<\/a><br>- <a href=\"https:\/\/www.torstai-lehti.fi\/2016\/08\/27\/alajarven-kirkonkylan-120-vuotias-nuorisoseura-taynna-toimintatarmoa\/?amp=1\">Torstai-Lehti<\/a><br>- <a href=\"https:\/\/www.torstai-lehti.fi\/2024\/07\/21\/keltaista-hehkua-nuorisoseuran-seinissa\/\">Torstai-Lehti<\/a><br>- <a href=\"https:\/\/visit.alvaraalto.fi\/fi\/kohteet\/nuorisoseurantalo-alajarvella\/\">Alvar Aalto Route<\/a><br><br>            <!--{\/content}-->\n        <\/p>\n    <!--[\/text]-->\n                    <!--{\/content}-->\n                <\/div>\n            <\/div>\n        <\/div>\n    <!--[\/column]-->\n                        <!--{\/content}-->\n                    <\/div>\n                <\/div>\n            <\/div>\n        <\/div>\n    <!--[\/columns]-->\n\t\t\t\t<!--{\/content}-->\n\t\t\t<\/div>\n\t\t<\/section>\n\t<!--[\/section]-->\n\n","protected":false},"excerpt":{"rendered":"","protected":false},"author":1,"featured_media":0,"parent":0,"menu_order":0,"comment_status":"closed","ping_status":"open","template":"","meta":{"footnotes":""},"class_list":["post-15","page","type-page","status-publish","hentry"],"yoast_head":"<!-- This site is optimized with the Yoast SEO plugin v26.9 - https:\/\/yoast.com\/product\/yoast-seo-wordpress\/ -->\n<title>Historia - Alaj\u00e4rven Nuorisoseura<\/title>\n<meta name=\"robots\" content=\"index, follow, max-snippet:-1, max-image-preview:large, max-video-preview:-1\" \/>\n<link rel=\"canonical\" href=\"https:\/\/alajarvennuorisoseura.fi\/index.php\/historia\/\" \/>\n<meta property=\"og:locale\" content=\"fi_FI\" \/>\n<meta property=\"og:type\" content=\"article\" \/>\n<meta property=\"og:title\" content=\"Historia - Alaj\u00e4rven Nuorisoseura\" \/>\n<meta property=\"og:url\" content=\"https:\/\/alajarvennuorisoseura.fi\/index.php\/historia\/\" \/>\n<meta property=\"og:site_name\" content=\"Alaj\u00e4rven Nuorisoseura\" \/>\n<meta property=\"article:publisher\" content=\"https:\/\/www.facebook.com\/alajarvennuorisoseura\" \/>\n<meta property=\"article:modified_time\" content=\"2024-07-26T18:59:21+00:00\" \/>\n<meta name=\"twitter:card\" content=\"summary_large_image\" \/>\n<meta name=\"twitter:label1\" content=\"Arvioitu lukuaika\" \/>\n\t<meta name=\"twitter:data1\" content=\"7 minuuttia\" \/>\n<script type=\"application\/ld+json\" class=\"yoast-schema-graph\">{\"@context\":\"https:\/\/schema.org\",\"@graph\":[{\"@type\":\"WebPage\",\"@id\":\"https:\/\/alajarvennuorisoseura.fi\/index.php\/historia\/\",\"url\":\"https:\/\/alajarvennuorisoseura.fi\/index.php\/historia\/\",\"name\":\"Historia - Alaj\u00e4rven Nuorisoseura\",\"isPartOf\":{\"@id\":\"https:\/\/alajarvennuorisoseura.fi\/#website\"},\"datePublished\":\"2024-03-14T20:14:17+00:00\",\"dateModified\":\"2024-07-26T18:59:21+00:00\",\"breadcrumb\":{\"@id\":\"https:\/\/alajarvennuorisoseura.fi\/index.php\/historia\/#breadcrumb\"},\"inLanguage\":\"fi\",\"potentialAction\":[{\"@type\":\"ReadAction\",\"target\":[\"https:\/\/alajarvennuorisoseura.fi\/index.php\/historia\/\"]}]},{\"@type\":\"BreadcrumbList\",\"@id\":\"https:\/\/alajarvennuorisoseura.fi\/index.php\/historia\/#breadcrumb\",\"itemListElement\":[{\"@type\":\"ListItem\",\"position\":1,\"name\":\"Etusivu\",\"item\":\"https:\/\/alajarvennuorisoseura.fi\/\"},{\"@type\":\"ListItem\",\"position\":2,\"name\":\"Historia\"}]},{\"@type\":\"WebSite\",\"@id\":\"https:\/\/alajarvennuorisoseura.fi\/#website\",\"url\":\"https:\/\/alajarvennuorisoseura.fi\/\",\"name\":\"Alaj\u00e4rven Nuorisoseura\",\"description\":\"\",\"publisher\":{\"@id\":\"https:\/\/alajarvennuorisoseura.fi\/#organization\"},\"potentialAction\":[{\"@type\":\"SearchAction\",\"target\":{\"@type\":\"EntryPoint\",\"urlTemplate\":\"https:\/\/alajarvennuorisoseura.fi\/?s={search_term_string}\"},\"query-input\":{\"@type\":\"PropertyValueSpecification\",\"valueRequired\":true,\"valueName\":\"search_term_string\"}}],\"inLanguage\":\"fi\"},{\"@type\":\"Organization\",\"@id\":\"https:\/\/alajarvennuorisoseura.fi\/#organization\",\"name\":\"Alaj\u00e4rven Nuorisoseura\",\"url\":\"https:\/\/alajarvennuorisoseura.fi\/\",\"logo\":{\"@type\":\"ImageObject\",\"inLanguage\":\"fi\",\"@id\":\"https:\/\/alajarvennuorisoseura.fi\/#\/schema\/logo\/image\/\",\"url\":\"https:\/\/alajarvennuorisoseura.fi\/wp-content\/uploads\/2024\/03\/Logo_lapinakyva.png\",\"contentUrl\":\"https:\/\/alajarvennuorisoseura.fi\/wp-content\/uploads\/2024\/03\/Logo_lapinakyva.png\",\"width\":1500,\"height\":413,\"caption\":\"Alaj\u00e4rven Nuorisoseura\"},\"image\":{\"@id\":\"https:\/\/alajarvennuorisoseura.fi\/#\/schema\/logo\/image\/\"},\"sameAs\":[\"https:\/\/www.facebook.com\/alajarvennuorisoseura\"]}]}<\/script>\n<!-- \/ Yoast SEO plugin. -->","yoast_head_json":{"title":"Historia - Alaj\u00e4rven Nuorisoseura","robots":{"index":"index","follow":"follow","max-snippet":"max-snippet:-1","max-image-preview":"max-image-preview:large","max-video-preview":"max-video-preview:-1"},"canonical":"https:\/\/alajarvennuorisoseura.fi\/index.php\/historia\/","og_locale":"fi_FI","og_type":"article","og_title":"Historia - Alaj\u00e4rven Nuorisoseura","og_url":"https:\/\/alajarvennuorisoseura.fi\/index.php\/historia\/","og_site_name":"Alaj\u00e4rven Nuorisoseura","article_publisher":"https:\/\/www.facebook.com\/alajarvennuorisoseura","article_modified_time":"2024-07-26T18:59:21+00:00","twitter_card":"summary_large_image","twitter_misc":{"Arvioitu lukuaika":"7 minuuttia"},"schema":{"@context":"https:\/\/schema.org","@graph":[{"@type":"WebPage","@id":"https:\/\/alajarvennuorisoseura.fi\/index.php\/historia\/","url":"https:\/\/alajarvennuorisoseura.fi\/index.php\/historia\/","name":"Historia - Alaj\u00e4rven Nuorisoseura","isPartOf":{"@id":"https:\/\/alajarvennuorisoseura.fi\/#website"},"datePublished":"2024-03-14T20:14:17+00:00","dateModified":"2024-07-26T18:59:21+00:00","breadcrumb":{"@id":"https:\/\/alajarvennuorisoseura.fi\/index.php\/historia\/#breadcrumb"},"inLanguage":"fi","potentialAction":[{"@type":"ReadAction","target":["https:\/\/alajarvennuorisoseura.fi\/index.php\/historia\/"]}]},{"@type":"BreadcrumbList","@id":"https:\/\/alajarvennuorisoseura.fi\/index.php\/historia\/#breadcrumb","itemListElement":[{"@type":"ListItem","position":1,"name":"Etusivu","item":"https:\/\/alajarvennuorisoseura.fi\/"},{"@type":"ListItem","position":2,"name":"Historia"}]},{"@type":"WebSite","@id":"https:\/\/alajarvennuorisoseura.fi\/#website","url":"https:\/\/alajarvennuorisoseura.fi\/","name":"Alaj\u00e4rven Nuorisoseura","description":"","publisher":{"@id":"https:\/\/alajarvennuorisoseura.fi\/#organization"},"potentialAction":[{"@type":"SearchAction","target":{"@type":"EntryPoint","urlTemplate":"https:\/\/alajarvennuorisoseura.fi\/?s={search_term_string}"},"query-input":{"@type":"PropertyValueSpecification","valueRequired":true,"valueName":"search_term_string"}}],"inLanguage":"fi"},{"@type":"Organization","@id":"https:\/\/alajarvennuorisoseura.fi\/#organization","name":"Alaj\u00e4rven Nuorisoseura","url":"https:\/\/alajarvennuorisoseura.fi\/","logo":{"@type":"ImageObject","inLanguage":"fi","@id":"https:\/\/alajarvennuorisoseura.fi\/#\/schema\/logo\/image\/","url":"https:\/\/alajarvennuorisoseura.fi\/wp-content\/uploads\/2024\/03\/Logo_lapinakyva.png","contentUrl":"https:\/\/alajarvennuorisoseura.fi\/wp-content\/uploads\/2024\/03\/Logo_lapinakyva.png","width":1500,"height":413,"caption":"Alaj\u00e4rven Nuorisoseura"},"image":{"@id":"https:\/\/alajarvennuorisoseura.fi\/#\/schema\/logo\/image\/"},"sameAs":["https:\/\/www.facebook.com\/alajarvennuorisoseura"]}]}},"_links":{"self":[{"href":"https:\/\/alajarvennuorisoseura.fi\/index.php\/wp-json\/wp\/v2\/pages\/15","targetHints":{"allow":["GET"]}}],"collection":[{"href":"https:\/\/alajarvennuorisoseura.fi\/index.php\/wp-json\/wp\/v2\/pages"}],"about":[{"href":"https:\/\/alajarvennuorisoseura.fi\/index.php\/wp-json\/wp\/v2\/types\/page"}],"author":[{"embeddable":true,"href":"https:\/\/alajarvennuorisoseura.fi\/index.php\/wp-json\/wp\/v2\/users\/1"}],"replies":[{"embeddable":true,"href":"https:\/\/alajarvennuorisoseura.fi\/index.php\/wp-json\/wp\/v2\/comments?post=15"}],"version-history":[{"count":57,"href":"https:\/\/alajarvennuorisoseura.fi\/index.php\/wp-json\/wp\/v2\/pages\/15\/revisions"}],"predecessor-version":[{"id":155,"href":"https:\/\/alajarvennuorisoseura.fi\/index.php\/wp-json\/wp\/v2\/pages\/15\/revisions\/155"}],"wp:attachment":[{"href":"https:\/\/alajarvennuorisoseura.fi\/index.php\/wp-json\/wp\/v2\/media?parent=15"}],"curies":[{"name":"wp","href":"https:\/\/api.w.org\/{rel}","templated":true}]}}